{"id":62,"date":"2018-02-14T11:19:50","date_gmt":"2018-02-14T11:19:50","guid":{"rendered":"https:\/\/anappadvogados.adv.br\/?page_id=11"},"modified":"2024-07-25T13:04:51","modified_gmt":"2024-07-25T13:04:51","slug":"areas-de-atuacao","status":"publish","type":"page","link":"https:\/\/anappadvogados.adv.br\/index.php\/areas-de-atuacao\/","title":{"rendered":"\u00c1reas de Atua\u00e7\u00e3o"},"content":{"rendered":"","protected":false},"excerpt":{"rendered":"","protected":false},"author":1,"featured_media":0,"parent":0,"menu_order":0,"comment_status":"open","ping_status":"closed","template":"","meta":{"footnotes":""},"_links":{"self":[{"href":"https:\/\/anappadvogados.adv.br\/index.php\/wp-json\/wp\/v2\/pages\/62"}],"collection":[{"href":"https:\/\/anappadvogados.adv.br\/index.php\/wp-json\/wp\/v2\/pages"}],"about":[{"href":"https:\/\/anappadvogados.adv.br\/index.php\/wp-json\/wp\/v2\/types\/page"}],"author":[{"embeddable":true,"href":"https:\/\/anappadvogados.adv.br\/index.php\/wp-json\/wp\/v2\/users\/1"}],"replies":[{"embeddable":true,"href":"https:\/\/anappadvogados.adv.br\/index.php\/wp-json\/wp\/v2\/comments?post=62"}],"version-history":[{"count":1,"href":"https:\/\/anappadvogados.adv.br\/index.php\/wp-json\/wp\/v2\/pages\/62\/revisions"}],"predecessor-version":[{"id":74,"href":"https:\/\/anappadvogados.adv.br\/index.php\/wp-json\/wp\/v2\/pages\/62\/revisions\/74"}],"wp:attachment":[{"href":"https:\/\/anappadvogados.adv.br\/index.php\/wp-json\/wp\/v2\/media?parent=62"}],"curies":[{"name":"wp","href":"https:\/\/api.w.org\/{rel}","templated":true}]}}